{"id":123,"date":"2020-03-16T13:49:56","date_gmt":"2020-03-16T13:49:56","guid":{"rendered":"https:\/\/demosites.io\/themotion-gb\/?page_id=123"},"modified":"2020-03-16T13:49:56","modified_gmt":"2020-03-16T13:49:56","slug":"73abf-alt-home","status":"publish","type":"page","link":"https:\/\/blog.emploitic.com\/index.php\/73abf-alt-home\/","title":{"rendered":"Alt Home"},"content":{"rendered":"\n<div class=\"wp-block-themeisle-blocks-advanced-columns alignfull has-1-columns has-desktop-equal-layout has-tablet-equal-layout has-mobile-equal-layout has-default-gap has-vertical-unset\" id=\"wp-block-themeisle-blocks-advanced-columns-201beb7e\"><div class=\"wp-block-themeisle-blocks-advanced-columns-overlay\"><\/div><div class=\"innerblocks-wrap\">\n<div class=\"wp-block-themeisle-blocks-advanced-column\" id=\"wp-block-themeisle-blocks-advanced-column-ddf5972e\">\n<h4 class=\"has-text-align-center has-nv-text-dark-bg-color has-text-color wp-block-heading\"> <strong>WELCOME TO THE MOTION<\/strong> <\/h4>\n\n\n\n<div style=\"height:20px\" aria-hidden=\"true\" class=\"wp-block-spacer\"><\/div>\n\n\n\n<h1 class=\"has-text-align-center has-nv-text-dark-bg-color has-text-color wp-block-heading\"> A VIDEO COLLECTION FOR ENTREPRENEURS <\/h1>\n\n\n\n<hr class=\"wp-block-separator has-text-color has-background has-nv-text-dark-bg-background-color has-nv-text-dark-bg-color\"\/>\n\n\n\n<div style=\"height:20px\" aria-hidden=\"true\" class=\"wp-block-spacer\"><\/div>\n\n\n\n<div id=\"wp-block-themeisle-blocks-button-group-1d80739e\" class=\"wp-block-themeisle-blocks-button-group wp-block-buttons align-center\">\n<div id=\"wp-block-themeisle-blocks-button-5947c9b5\" class=\"wp-block-themeisle-blocks-button wp-block-button\"><a href=\"\" target=\"_self\" rel=\"noopener noreferrer\" class=\"wp-block-button__link\"><span>SEE ALL VIDEOS<\/span><\/a><\/div>\n<\/div>\n<\/div>\n<\/div><\/div>\n\n\n\n<div class=\"wp-block-themeisle-blocks-advanced-columns alignfull has-1-columns has-desktop-equal-layout has-tablet-equal-layout has-mobile-equal-layout has-default-gap has-vertical-unset\" id=\"wp-block-themeisle-blocks-advanced-columns-9acfa522\"><div class=\"wp-block-themeisle-blocks-advanced-columns-overlay\"><\/div><div class=\"innerblocks-wrap\">\n<div class=\"wp-block-themeisle-blocks-advanced-column\" id=\"wp-block-themeisle-blocks-advanced-column-db07aecc\"><div class=\"wp-block-themeisle-blocks-posts-grid\" id=\"\"><div class=\"is-grid o-posts-grid-columns-3\"><div class=\"o-posts-grid-post-blog o-posts-grid-post-plain\"><div class=\"o-posts-grid-post\"><div class=\"o-posts-grid-post-image\"><a href=\"https:\/\/blog.emploitic.com\/index.php\/le-cout-cache-dun-mauvais-recrutement\/\"><img fetchpriority=\"high\" decoding=\"async\" width=\"2560\" height=\"1442\" src=\"https:\/\/blog.emploitic.com\/wp-content\/uploads\/2026\/04\/couverture-combien-coute-un-mauvais-recrutement-5-scaled.png\" class=\"attachment-full size-full\" alt=\"un employeur dans un bureau\" srcset=\"https:\/\/blog.emploitic.com\/wp-content\/uploads\/2026\/04\/couverture-combien-coute-un-mauvais-recrutement-5-scaled.png 2560w, https:\/\/blog.emploitic.com\/wp-content\/uploads\/2026\/04\/couverture-combien-coute-un-mauvais-recrutement-5-300x169.png 300w, https:\/\/blog.emploitic.com\/wp-content\/uploads\/2026\/04\/couverture-combien-coute-un-mauvais-recrutement-5-1024x577.png 1024w, https:\/\/blog.emploitic.com\/wp-content\/uploads\/2026\/04\/couverture-combien-coute-un-mauvais-recrutement-5-768x433.png 768w, https:\/\/blog.emploitic.com\/wp-content\/uploads\/2026\/04\/couverture-combien-coute-un-mauvais-recrutement-5-1536x865.png 1536w, https:\/\/blog.emploitic.com\/wp-content\/uploads\/2026\/04\/couverture-combien-coute-un-mauvais-recrutement-5-2048x1153.png 2048w\" sizes=\"(max-width: 2560px) 100vw, 2560px\" \/><\/a><\/div><div class=\"o-posts-grid-post-body\"><h5 class=\"o-posts-grid-post-title\"><a href=\"https:\/\/blog.emploitic.com\/index.php\/le-cout-cache-dun-mauvais-recrutement\/\">Le Co\u00fbt Cach\u00e9 d&#8217;un Mauvais Recrutement<\/a><\/h5><span class=\"o-posts-grid-post-category\"><a href=\"https:\/\/blog.emploitic.com\/index.php\/category\/management-rh\/\">Management RH<\/a><\/span><\/div><\/div><\/div><div class=\"o-posts-grid-post-blog o-posts-grid-post-plain\"><div class=\"o-posts-grid-post\"><div class=\"o-posts-grid-post-image\"><a href=\"https:\/\/blog.emploitic.com\/index.php\/collaborateur-en-sous-performance-que-faire-en-tant-que-manager\/\"><img decoding=\"async\" width=\"1332\" height=\"749\" src=\"https:\/\/blog.emploitic.com\/wp-content\/uploads\/2026\/04\/photo-1758598497429-6eb3895d5bfa-1-1.png\" class=\"attachment-full size-full\" alt=\"employ\u00e9 d\u00e9motiv\u00e9\" srcset=\"https:\/\/blog.emploitic.com\/wp-content\/uploads\/2026\/04\/photo-1758598497429-6eb3895d5bfa-1-1.png 1332w, https:\/\/blog.emploitic.com\/wp-content\/uploads\/2026\/04\/photo-1758598497429-6eb3895d5bfa-1-1-300x169.png 300w, https:\/\/blog.emploitic.com\/wp-content\/uploads\/2026\/04\/photo-1758598497429-6eb3895d5bfa-1-1-1024x576.png 1024w, https:\/\/blog.emploitic.com\/wp-content\/uploads\/2026\/04\/photo-1758598497429-6eb3895d5bfa-1-1-768x432.png 768w\" sizes=\"(max-width: 1332px) 100vw, 1332px\" \/><\/a><\/div><div class=\"o-posts-grid-post-body\"><h5 class=\"o-posts-grid-post-title\"><a href=\"https:\/\/blog.emploitic.com\/index.php\/collaborateur-en-sous-performance-que-faire-en-tant-que-manager\/\">Collaborateur en sous-performance : que faire en tant que manager ?<\/a><\/h5><span class=\"o-posts-grid-post-category\"><a href=\"https:\/\/blog.emploitic.com\/index.php\/category\/gerer-sa-carriere\/\">Carri\u00e8re<\/a><\/span><\/div><\/div><\/div><div class=\"o-posts-grid-post-blog o-posts-grid-post-plain\"><div class=\"o-posts-grid-post\"><div class=\"o-posts-grid-post-image\"><a href=\"https:\/\/blog.emploitic.com\/index.php\/14-eme-edition-demploitic-connect-2222\/\"><img decoding=\"async\" width=\"2048\" height=\"1365\" src=\"https:\/\/blog.emploitic.com\/wp-content\/uploads\/2026\/02\/408C2481.jpg\" class=\"attachment-full size-full\" alt=\"salon de l&#039;emploi\" srcset=\"https:\/\/blog.emploitic.com\/wp-content\/uploads\/2026\/02\/408C2481.jpg 2048w, https:\/\/blog.emploitic.com\/wp-content\/uploads\/2026\/02\/408C2481-300x200.jpg 300w, https:\/\/blog.emploitic.com\/wp-content\/uploads\/2026\/02\/408C2481-1024x683.jpg 1024w, https:\/\/blog.emploitic.com\/wp-content\/uploads\/2026\/02\/408C2481-768x512.jpg 768w, https:\/\/blog.emploitic.com\/wp-content\/uploads\/2026\/02\/408C2481-1536x1024.jpg 1536w, https:\/\/blog.emploitic.com\/wp-content\/uploads\/2026\/02\/408C2481-390x260.jpg 390w, https:\/\/blog.emploitic.com\/wp-content\/uploads\/2026\/02\/408C2481-285x190.jpg 285w\" sizes=\"(max-width: 2048px) 100vw, 2048px\" \/><\/a><\/div><div class=\"o-posts-grid-post-body\"><h5 class=\"o-posts-grid-post-title\"><a href=\"https:\/\/blog.emploitic.com\/index.php\/14-eme-edition-demploitic-connect-2222\/\">La 14 \u00e8me \u00e9dition d&#8217;Emploitic Connect<\/a><\/h5><span class=\"o-posts-grid-post-category\"><a href=\"https:\/\/blog.emploitic.com\/index.php\/category\/actualite-news\/\">Actualit\u00e9<\/a><\/span><\/div><\/div><\/div><\/div> <\/div><\/div>\n<\/div><\/div>\n\n\n\n<div class=\"wp-block-themeisle-blocks-advanced-columns alignfull has-2-columns has-desktop-equal-layout has-tablet-equal-layout has-mobile-collapsedRows-layout has-default-gap has-vertical-unset\" id=\"wp-block-themeisle-blocks-advanced-columns-207e2f47\"><div class=\"wp-block-themeisle-blocks-advanced-columns-overlay\"><\/div><div class=\"innerblocks-wrap\">\n<div class=\"wp-block-themeisle-blocks-advanced-column\" id=\"wp-block-themeisle-blocks-advanced-column-76a50974\">\n<h4 id=\"wp-block-themeisle-blocks-advanced-heading-3637e861\" class=\"wp-block-themeisle-blocks-advanced-heading wp-block-themeisle-blocks-advanced-heading-3637e861\"> <strong>FEATURED VIDEOS IN<\/strong> <\/h4>\n\n\n\n<div style=\"height:20px\" aria-hidden=\"true\" class=\"wp-block-spacer\"><\/div>\n\n\n\n<h2 id=\"wp-block-themeisle-blocks-advanced-heading-b2772123\" class=\"wp-block-themeisle-blocks-advanced-heading wp-block-themeisle-blocks-advanced-heading-b2772123\"> BUSINESS STRATEGY <\/h2>\n\n\n<div class=\"featured__posts_alt-home wp-block-themeisle-blocks-posts-grid\" id=\"\"><div class=\"is-list\"><div class=\"o-posts-grid-post-blog o-posts-grid-post-plain\"><div class=\"o-posts-grid-post\"><div class=\"o-posts-grid-post-image\"><a href=\"https:\/\/blog.emploitic.com\/index.php\/le-cout-cache-dun-mauvais-recrutement\/\"><img fetchpriority=\"high\" decoding=\"async\" width=\"2560\" height=\"1442\" src=\"https:\/\/blog.emploitic.com\/wp-content\/uploads\/2026\/04\/couverture-combien-coute-un-mauvais-recrutement-5-scaled.png\" class=\"attachment-full size-full\" alt=\"un employeur dans un bureau\" srcset=\"https:\/\/blog.emploitic.com\/wp-content\/uploads\/2026\/04\/couverture-combien-coute-un-mauvais-recrutement-5-scaled.png 2560w, https:\/\/blog.emploitic.com\/wp-content\/uploads\/2026\/04\/couverture-combien-coute-un-mauvais-recrutement-5-300x169.png 300w, https:\/\/blog.emploitic.com\/wp-content\/uploads\/2026\/04\/couverture-combien-coute-un-mauvais-recrutement-5-1024x577.png 1024w, https:\/\/blog.emploitic.com\/wp-content\/uploads\/2026\/04\/couverture-combien-coute-un-mauvais-recrutement-5-768x433.png 768w, https:\/\/blog.emploitic.com\/wp-content\/uploads\/2026\/04\/couverture-combien-coute-un-mauvais-recrutement-5-1536x865.png 1536w, https:\/\/blog.emploitic.com\/wp-content\/uploads\/2026\/04\/couverture-combien-coute-un-mauvais-recrutement-5-2048x1153.png 2048w\" sizes=\"(max-width: 2560px) 100vw, 2560px\" \/><\/a><\/div><div class=\"o-posts-grid-post-body\"><h5 class=\"o-posts-grid-post-title\"><a href=\"https:\/\/blog.emploitic.com\/index.php\/le-cout-cache-dun-mauvais-recrutement\/\">Le Co\u00fbt Cach\u00e9 d&#8217;un Mauvais Recrutement<\/a><\/h5><span class=\"o-posts-grid-post-category\"><a href=\"https:\/\/blog.emploitic.com\/index.php\/category\/management-rh\/\">Management RH<\/a><\/span><\/div><\/div><\/div><div class=\"o-posts-grid-post-blog o-posts-grid-post-plain\"><div class=\"o-posts-grid-post\"><div class=\"o-posts-grid-post-image\"><a href=\"https:\/\/blog.emploitic.com\/index.php\/gaea-groupe-accelerer-le-recrutement-avec-emploitic\/\"><img loading=\"lazy\" decoding=\"async\" width=\"2000\" height=\"1000\" src=\"https:\/\/blog.emploitic.com\/wp-content\/uploads\/2025\/09\/couverture-article-GAEA.png\" class=\"attachment-full size-full\" alt=\"gaea groupe\" srcset=\"https:\/\/blog.emploitic.com\/wp-content\/uploads\/2025\/09\/couverture-article-GAEA.png 2000w, https:\/\/blog.emploitic.com\/wp-content\/uploads\/2025\/09\/couverture-article-GAEA-300x150.png 300w, https:\/\/blog.emploitic.com\/wp-content\/uploads\/2025\/09\/couverture-article-GAEA-1024x512.png 1024w, https:\/\/blog.emploitic.com\/wp-content\/uploads\/2025\/09\/couverture-article-GAEA-768x384.png 768w, https:\/\/blog.emploitic.com\/wp-content\/uploads\/2025\/09\/couverture-article-GAEA-1536x768.png 1536w, https:\/\/blog.emploitic.com\/wp-content\/uploads\/2025\/09\/couverture-article-GAEA-1440x720.png 1440w, https:\/\/blog.emploitic.com\/wp-content\/uploads\/2025\/09\/couverture-article-GAEA-1230x615.png 1230w\" sizes=\"(max-width: 2000px) 100vw, 2000px\" \/><\/a><\/div><div class=\"o-posts-grid-post-body\"><h5 class=\"o-posts-grid-post-title\"><a href=\"https:\/\/blog.emploitic.com\/index.php\/gaea-groupe-accelerer-le-recrutement-avec-emploitic\/\">GAEA GROUPE : Acc\u00e9l\u00e9rer le recrutement avec Emploitic<\/a><\/h5><span class=\"o-posts-grid-post-category\"><a href=\"https:\/\/blog.emploitic.com\/index.php\/category\/management-rh\/\">Management RH<\/a><\/span><\/div><\/div><\/div><div class=\"o-posts-grid-post-blog o-posts-grid-post-plain\"><div class=\"o-posts-grid-post\"><div class=\"o-posts-grid-post-image\"><a href=\"https:\/\/blog.emploitic.com\/index.php\/icosnet-spa-simplifier-le-recrutement-avec-emploitic\/\"><img loading=\"lazy\" decoding=\"async\" width=\"2000\" height=\"1000\" src=\"https:\/\/blog.emploitic.com\/wp-content\/uploads\/2025\/07\/couverture-article-Icosnet.png\" class=\"attachment-full size-full\" alt=\"\u00e9tude de cas client\" srcset=\"https:\/\/blog.emploitic.com\/wp-content\/uploads\/2025\/07\/couverture-article-Icosnet.png 2000w, https:\/\/blog.emploitic.com\/wp-content\/uploads\/2025\/07\/couverture-article-Icosnet-300x150.png 300w, https:\/\/blog.emploitic.com\/wp-content\/uploads\/2025\/07\/couverture-article-Icosnet-1024x512.png 1024w, https:\/\/blog.emploitic.com\/wp-content\/uploads\/2025\/07\/couverture-article-Icosnet-768x384.png 768w, https:\/\/blog.emploitic.com\/wp-content\/uploads\/2025\/07\/couverture-article-Icosnet-1536x768.png 1536w, https:\/\/blog.emploitic.com\/wp-content\/uploads\/2025\/07\/couverture-article-Icosnet-1440x720.png 1440w, https:\/\/blog.emploitic.com\/wp-content\/uploads\/2025\/07\/couverture-article-Icosnet-1230x615.png 1230w\" sizes=\"(max-width: 2000px) 100vw, 2000px\" \/><\/a><\/div><div class=\"o-posts-grid-post-body\"><h5 class=\"o-posts-grid-post-title\"><a href=\"https:\/\/blog.emploitic.com\/index.php\/icosnet-spa-simplifier-le-recrutement-avec-emploitic\/\">ICOSNET Spa : Simplifier le recrutement avec Emploitic<\/a><\/h5><span class=\"o-posts-grid-post-category\"><a href=\"https:\/\/blog.emploitic.com\/index.php\/category\/management-rh\/\">Management RH<\/a><\/span><\/div><\/div><\/div><\/div> <\/div><\/div>\n\n\n\n<div class=\"wp-block-themeisle-blocks-advanced-column\" id=\"wp-block-themeisle-blocks-advanced-column-f221c197\">\n<h4 id=\"wp-block-themeisle-blocks-advanced-heading-c5671771\" class=\"wp-block-themeisle-blocks-advanced-heading wp-block-themeisle-blocks-advanced-heading-c5671771\"> <strong>FEATURED VIDEOS IN<\/strong> <\/h4>\n\n\n\n<div style=\"height:20px\" aria-hidden=\"true\" class=\"wp-block-spacer\"><\/div>\n\n\n\n<h2 id=\"wp-block-themeisle-blocks-advanced-heading-7e0d7848\" class=\"wp-block-themeisle-blocks-advanced-heading wp-block-themeisle-blocks-advanced-heading-7e0d7848\"> MARKETING <\/h2>\n\n\n<div class=\"featured__posts_alt-home wp-block-themeisle-blocks-posts-grid\" id=\"\"><div class=\"is-list\"><div class=\"o-posts-grid-post-blog o-posts-grid-post-plain\"><div class=\"o-posts-grid-post\"><div class=\"o-posts-grid-post-image\"><a href=\"https:\/\/blog.emploitic.com\/index.php\/14-eme-edition-demploitic-connect-2222\/\"><img loading=\"lazy\" decoding=\"async\" width=\"300\" height=\"200\" src=\"https:\/\/blog.emploitic.com\/wp-content\/uploads\/2026\/02\/408C2481-300x200.jpg\" class=\"attachment-medium size-medium\" alt=\"salon de l&#039;emploi\" srcset=\"https:\/\/blog.emploitic.com\/wp-content\/uploads\/2026\/02\/408C2481-300x200.jpg 300w, https:\/\/blog.emploitic.com\/wp-content\/uploads\/2026\/02\/408C2481-1024x683.jpg 1024w, https:\/\/blog.emploitic.com\/wp-content\/uploads\/2026\/02\/408C2481-768x512.jpg 768w, https:\/\/blog.emploitic.com\/wp-content\/uploads\/2026\/02\/408C2481-1536x1024.jpg 1536w, https:\/\/blog.emploitic.com\/wp-content\/uploads\/2026\/02\/408C2481-390x260.jpg 390w, https:\/\/blog.emploitic.com\/wp-content\/uploads\/2026\/02\/408C2481-285x190.jpg 285w, https:\/\/blog.emploitic.com\/wp-content\/uploads\/2026\/02\/408C2481.jpg 2048w\" sizes=\"(max-width: 300px) 100vw, 300px\" \/><\/a><\/div><div class=\"o-posts-grid-post-body\"><h5 class=\"o-posts-grid-post-title\"><a href=\"https:\/\/blog.emploitic.com\/index.php\/14-eme-edition-demploitic-connect-2222\/\">La 14 \u00e8me \u00e9dition d&#8217;Emploitic Connect<\/a><\/h5><span class=\"o-posts-grid-post-category\"><a href=\"https:\/\/blog.emploitic.com\/index.php\/category\/actualite-news\/\">Actualit\u00e9<\/a><\/span><\/div><\/div><\/div><div class=\"o-posts-grid-post-blog o-posts-grid-post-plain\"><div class=\"o-posts-grid-post\"><div class=\"o-posts-grid-post-image\"><a href=\"https:\/\/blog.emploitic.com\/index.php\/les-ateliers-demploitic-connect-2026\/\"><img loading=\"lazy\" decoding=\"async\" width=\"300\" height=\"200\" src=\"https:\/\/blog.emploitic.com\/wp-content\/uploads\/2026\/02\/408C2960-1-300x200.jpg\" class=\"attachment-medium size-medium\" alt=\"Marketing digital\" srcset=\"https:\/\/blog.emploitic.com\/wp-content\/uploads\/2026\/02\/408C2960-1-300x200.jpg 300w, https:\/\/blog.emploitic.com\/wp-content\/uploads\/2026\/02\/408C2960-1-1024x683.jpg 1024w, https:\/\/blog.emploitic.com\/wp-content\/uploads\/2026\/02\/408C2960-1-768x512.jpg 768w, https:\/\/blog.emploitic.com\/wp-content\/uploads\/2026\/02\/408C2960-1-1536x1024.jpg 1536w, https:\/\/blog.emploitic.com\/wp-content\/uploads\/2026\/02\/408C2960-1-2048x1365.jpg 2048w, https:\/\/blog.emploitic.com\/wp-content\/uploads\/2026\/02\/408C2960-1-390x260.jpg 390w, https:\/\/blog.emploitic.com\/wp-content\/uploads\/2026\/02\/408C2960-1-285x190.jpg 285w\" sizes=\"(max-width: 300px) 100vw, 300px\" \/><\/a><\/div><div class=\"o-posts-grid-post-body\"><h5 class=\"o-posts-grid-post-title\"><a href=\"https:\/\/blog.emploitic.com\/index.php\/les-ateliers-demploitic-connect-2026\/\">Les Ateliers d&#8217;Emploitic Connect 2026<\/a><\/h5><span class=\"o-posts-grid-post-category\"><a href=\"https:\/\/blog.emploitic.com\/index.php\/category\/non-classe\/\">Non class\u00e9<\/a><\/span><\/div><\/div><\/div><div class=\"o-posts-grid-post-blog o-posts-grid-post-plain\"><div class=\"o-posts-grid-post\"><div class=\"o-posts-grid-post-image\"><a href=\"https:\/\/blog.emploitic.com\/index.php\/les-tendances-de-recrutement-en-2026\/\"><img loading=\"lazy\" decoding=\"async\" width=\"300\" height=\"151\" src=\"https:\/\/blog.emploitic.com\/wp-content\/uploads\/2025\/12\/Les-tendances-de-recrutement-2026-300x151.png\" class=\"attachment-medium size-medium\" alt=\"Tendances RH\" srcset=\"https:\/\/blog.emploitic.com\/wp-content\/uploads\/2025\/12\/Les-tendances-de-recrutement-2026-300x151.png 300w, https:\/\/blog.emploitic.com\/wp-content\/uploads\/2025\/12\/Les-tendances-de-recrutement-2026-768x387.png 768w, https:\/\/blog.emploitic.com\/wp-content\/uploads\/2025\/12\/Les-tendances-de-recrutement-2026.png 1000w\" sizes=\"(max-width: 300px) 100vw, 300px\" \/><\/a><\/div><div class=\"o-posts-grid-post-body\"><h5 class=\"o-posts-grid-post-title\"><a href=\"https:\/\/blog.emploitic.com\/index.php\/les-tendances-de-recrutement-en-2026\/\">Les tendances de recrutement en 2026<\/a><\/h5><span class=\"o-posts-grid-post-category\"><a href=\"https:\/\/blog.emploitic.com\/index.php\/category\/non-classe\/\">Non class\u00e9<\/a><\/span><\/div><\/div><\/div><\/div> <\/div><\/div>\n<\/div><\/div>\n\n\n\n<div class=\"wp-block-themeisle-blocks-advanced-columns alignfull has-2-columns has-desktop-equal-layout has-tablet-equal-layout has-mobile-collapsedRows-layout has-default-gap has-vertical-center\" id=\"wp-block-themeisle-blocks-advanced-columns-c9d95928\"><div class=\"wp-block-themeisle-blocks-advanced-columns-overlay\"><\/div><div class=\"innerblocks-wrap\">\n<div class=\"wp-block-themeisle-blocks-advanced-column\" id=\"wp-block-themeisle-blocks-advanced-column-0418ab1e\">\n<h2 class=\"has-text-align-left has-white-color has-text-color wp-block-heading\"> EMPOWERING ENTREPRENEURS <\/h2>\n<\/div>\n\n\n\n<div class=\"wp-block-themeisle-blocks-advanced-column\" id=\"wp-block-themeisle-blocks-advanced-column-fd6a91bd\">\n<div id=\"wp-block-themeisle-blocks-button-group-335a6e7a\" class=\"wp-block-themeisle-blocks-button-group wp-block-buttons align-right\">\n<div id=\"wp-block-themeisle-blocks-button-26d618c8\" class=\"wp-block-themeisle-blocks-button wp-block-button is-style-outline\"><a href=\"https:\/\/blog.emploitic.com\/contact\/\" target=\"_self\" rel=\"noopener noreferrer\" class=\"wp-block-button__link\"><span>CONTACT US<\/span><\/a><\/div>\n<\/div>\n<\/div>\n<\/div><\/div>\n\n\n\n<div class=\"wp-block-themeisle-blocks-advanced-columns alignfull has-2-columns has-desktop-equal-layout has-tablet-equal-layout has-mobile-collapsedRows-layout has-default-gap has-vertical-center\" id=\"wp-block-themeisle-blocks-advanced-columns-da30b491\"><div class=\"wp-block-themeisle-blocks-advanced-columns-overlay\"><\/div><div class=\"innerblocks-wrap\">\n<div class=\"wp-block-themeisle-blocks-advanced-column\" id=\"wp-block-themeisle-blocks-advanced-column-12b71a44\">\n<h4 class=\"wp-block-heading\"> <strong>WE CRAFT USEFUL CONTENT<\/strong> <\/h4>\n\n\n\n<div style=\"height:20px\" aria-hidden=\"true\" class=\"wp-block-spacer\"><\/div>\n\n\n\n<h2 class=\"wp-block-heading\">  HOW WE CAN HELP <\/h2>\n\n\n\n<div style=\"height:20px\" aria-hidden=\"true\" class=\"wp-block-spacer\"><\/div>\n\n\n\n<p> Pork belly portland fingerstache pitchfork dreamcatcher, retro lo-fi deep v chillwave fixie kitsch bitters ugh normcore shoreditch. Pitchfork mlkshk retro, swag master cleanse pork belly 3 wolf moon kitsch deep v VHS authentic DIY.&nbsp; <\/p>\n\n\n\n<div style=\"height:20px\" aria-hidden=\"true\" class=\"wp-block-spacer\"><\/div>\n\n\n\n<div id=\"wp-block-themeisle-blocks-button-group-7d373257\" class=\"wp-block-themeisle-blocks-button-group wp-block-buttons\">\n<div id=\"wp-block-themeisle-blocks-button-46c788ae\" class=\"wp-block-themeisle-blocks-button wp-block-button\"><a href=\"\" target=\"_self\" rel=\"noopener noreferrer\" class=\"wp-block-button__link\"><span>MORE DETAILS<\/span><\/a><\/div>\n<\/div>\n<\/div>\n\n\n\n<div class=\"wp-block-themeisle-blocks-advanced-column\" id=\"wp-block-themeisle-blocks-advanced-column-3de1d7f3\">\n<figure class=\"wp-block-image size-large\"><img loading=\"lazy\" decoding=\"async\" width=\"600\" height=\"600\" src=\"https:\/\/blog.emploitic.com\/wp-content\/uploads\/2019\/07\/neve-the-motion-19.jpg\" alt=\"\" class=\"wp-image-111\"\/><\/figure>\n<\/div>\n<\/div><\/div>\n\n\n\n<div class=\"wp-block-themeisle-blocks-advanced-columns alignfull has-1-columns has-desktop-equal-layout has-tablet-equal-layout has-mobile-equal-layout has-default-gap has-vertical-unset\" id=\"wp-block-themeisle-blocks-advanced-columns-32db1be1\"><div class=\"wp-block-themeisle-blocks-advanced-columns-overlay\"><\/div><div class=\"innerblocks-wrap\">\n<div class=\"wp-block-themeisle-blocks-advanced-column\" id=\"wp-block-themeisle-blocks-advanced-column-533bba8f\">\n<h1 class=\"has-text-align-center wp-block-heading\"> GET STARTED WITH A CURATED COLLECTION! <\/h1>\n\n\n\n<div style=\"height:20px\" aria-hidden=\"true\" class=\"wp-block-spacer\"><\/div>\n\n\n\n<p class=\"has-text-align-center\"> Pork belly portland fingerstache pitchfork dreamcatcher, retro lo-fi deep v chillwave fixie kitsch bitters ugh normcore shoreditch. Pitchfork mlkshk retro, swag master. <\/p>\n\n\n\n<div style=\"height:20px\" aria-hidden=\"true\" class=\"wp-block-spacer\"><\/div>\n\n\n\n<div id=\"wp-block-themeisle-blocks-button-group-2b7e27e2\" class=\"wp-block-themeisle-blocks-button-group wp-block-buttons align-center\">\n<div id=\"wp-block-themeisle-blocks-button-b71a25e7\" class=\"wp-block-themeisle-blocks-button wp-block-button\"><a href=\"\" target=\"_self\" rel=\"noopener noreferrer\" class=\"wp-block-button__link\"><span>learn more<\/span><\/a><\/div>\n<\/div>\n<\/div>\n<\/div><\/div>\n\n\n\n<div class=\"wp-block-themeisle-blocks-advanced-columns alignfull has-3-columns has-desktop-equal-layout has-tablet-equal-layout has-mobile-collapsedRows-layout has-default-gap has-vertical-unset\" id=\"wp-block-themeisle-blocks-advanced-columns-0fd22821\"><div class=\"wp-block-themeisle-blocks-advanced-columns-overlay\"><\/div><div class=\"innerblocks-wrap\">\n<div class=\"wp-block-themeisle-blocks-advanced-column\" id=\"wp-block-themeisle-blocks-advanced-column-eccb5102\">\n<div class=\"wp-block-themeisle-blocks-service\">\n<p class=\"wp-block-themeisle-blocks-font-awesome-icons\" id=\"wp-block-themeisle-blocks-font-awesome-icons-fcff710a\"><span class=\"wp-block-themeisle-blocks-font-awesome-icons-container\"><i class=\"fas fa-pencil-ruler\"><\/i><\/span><\/p>\n\n\n\n<h4 id=\"wp-block-themeisle-blocks-advanced-heading-992f3b61\" class=\"wp-block-themeisle-blocks-advanced-heading wp-block-themeisle-blocks-advanced-heading-992f3b61\"> INSPIRED <\/h4>\n\n\n\n<p id=\"wp-block-themeisle-blocks-advanced-heading-64d63e3c\" class=\"wp-block-themeisle-blocks-advanced-heading wp-block-themeisle-blocks-advanced-heading-64d63e3c\"> We are inspired by challenges <\/p>\n<\/div>\n<\/div>\n\n\n\n<div class=\"wp-block-themeisle-blocks-advanced-column\" id=\"wp-block-themeisle-blocks-advanced-column-1584b3be\">\n<div class=\"wp-block-themeisle-blocks-service\">\n<p class=\"wp-block-themeisle-blocks-font-awesome-icons\" id=\"wp-block-themeisle-blocks-font-awesome-icons-b40cbd60\"><span class=\"wp-block-themeisle-blocks-font-awesome-icons-container\"><i class=\"far fa-lightbulb\"><\/i><\/span><\/p>\n\n\n\n<h4 id=\"wp-block-themeisle-blocks-advanced-heading-580b019a\" class=\"wp-block-themeisle-blocks-advanced-heading wp-block-themeisle-blocks-advanced-heading-580b019a\"> CREATIVE <\/h4>\n\n\n\n<p id=\"wp-block-themeisle-blocks-advanced-heading-f84addb7\" class=\"wp-block-themeisle-blocks-advanced-heading wp-block-themeisle-blocks-advanced-heading-f84addb7\"> We are creatively adaptive <\/p>\n<\/div>\n<\/div>\n\n\n\n<div class=\"wp-block-themeisle-blocks-advanced-column\" id=\"wp-block-themeisle-blocks-advanced-column-910d2b7d\">\n<div class=\"wp-block-themeisle-blocks-service\">\n<p class=\"wp-block-themeisle-blocks-font-awesome-icons\" id=\"wp-block-themeisle-blocks-font-awesome-icons-d7b3c3c2\"><span class=\"wp-block-themeisle-blocks-font-awesome-icons-container\"><i class=\"far fa-compass\"><\/i><\/span><\/p>\n\n\n\n<h4 id=\"wp-block-themeisle-blocks-advanced-heading-8c4d90db\" class=\"wp-block-themeisle-blocks-advanced-heading wp-block-themeisle-blocks-advanced-heading-8c4d90db\"> RESOURCEFULL <\/h4>\n\n\n\n<p id=\"wp-block-themeisle-blocks-advanced-heading-46f531a6\" class=\"wp-block-themeisle-blocks-advanced-heading wp-block-themeisle-blocks-advanced-heading-46f531a6\"> We are experienced and resourceful <\/p>\n<\/div>\n<\/div>\n<\/div><\/div>\n","protected":false},"excerpt":{"rendered":"","protected":false},"author":7,"featured_media":0,"parent":0,"menu_order":0,"comment_status":"closed","ping_status":"closed","template":"page-templates\/template-pagebuilder-full-width.php","meta":{"om_disable_all_campaigns":false,"_monsterinsights_skip_tracking":false,"_monsterinsights_sitenote_active":false,"_monsterinsights_sitenote_note":"","_monsterinsights_sitenote_category":0,"_themeisle_gutenberg_block_has_review":false,"footnotes":""},"class_list":["post-123","page","type-page","status-publish","hentry"],"aioseo_notices":[],"_links":{"self":[{"href":"https:\/\/blog.emploitic.com\/index.php\/wp-json\/wp\/v2\/pages\/123","targetHints":{"allow":["GET"]}}],"collection":[{"href":"https:\/\/blog.emploitic.com\/index.php\/wp-json\/wp\/v2\/pages"}],"about":[{"href":"https:\/\/blog.emploitic.com\/index.php\/wp-json\/wp\/v2\/types\/page"}],"author":[{"embeddable":true,"href":"https:\/\/blog.emploitic.com\/index.php\/wp-json\/wp\/v2\/users\/7"}],"replies":[{"embeddable":true,"href":"https:\/\/blog.emploitic.com\/index.php\/wp-json\/wp\/v2\/comments?post=123"}],"version-history":[{"count":0,"href":"https:\/\/blog.emploitic.com\/index.php\/wp-json\/wp\/v2\/pages\/123\/revisions"}],"wp:attachment":[{"href":"https:\/\/blog.emploitic.com\/index.php\/wp-json\/wp\/v2\/media?parent=123"}],"curies":[{"name":"wp","href":"https:\/\/api.w.org\/{rel}","templated":true}]}}